{"id":110,"date":"2024-12-09T18:15:40","date_gmt":"2024-12-09T17:15:40","guid":{"rendered":"https:\/\/dagsturnatur.webfix.dk\/?page_id=110"},"modified":"2025-05-15T11:35:59","modified_gmt":"2025-05-15T09:35:59","slug":"vores-team","status":"publish","type":"page","link":"https:\/\/dagsturnatur.webfix.dk\/index.php\/vores-team\/","title":{"rendered":"M\u00f8d vores team"},"content":{"rendered":"\n<div class=\"wp-block-group alignfull has-global-padding is-layout-constrained wp-container-core-group-is-layout-669513ed wp-block-group-is-layout-constrained\" style=\"margin-top:0;margin-bottom:0;padding-top:var(--wp--preset--spacing--50);padding-right:var(--wp--preset--spacing--50);padding-bottom:var(--wp--preset--spacing--50);padding-left:var(--wp--preset--spacing--50)\">\n<div class=\"wp-block-group is-vertical is-content-justification-center is-layout-flex wp-container-core-group-is-layout-ce155fab wp-block-group-is-layout-flex\">\n<h2 class=\"wp-block-heading has-text-align-center has-xx-large-font-size\">M\u00f8d vores team<\/h2>\n\n\n\n<p class=\"has-text-align-center\">F\u00e5 sat ansigt p\u00e5 de personer som du vil m\u00f8de p\u00e5 vores vandreture.<\/p>\n<\/div>\n\n\n\n<div style=\"height:min(2.5rem, 3vw);width:0px\" aria-hidden=\"true\" class=\"wp-block-spacer\"><\/div>\n\n\n\n<div class=\"wp-block-columns alignwide is-layout-flex wp-container-core-columns-is-layout-4935966c wp-block-columns-is-layout-flex\" style=\"padding-right:0;padding-left:0\">\n<div class=\"wp-block-column is-layout-flow wp-block-column-is-layout-flow\">\n<figure class=\"wp-block-image size-full is-style-rounded is-style-rounded--1\"><img loading=\"lazy\" decoding=\"async\" width=\"512\" height=\"512\" src=\"https:\/\/dagsturnatur.webfix.dk\/wp-content\/uploads\/2024\/12\/aksel-dahl-ai.jpg\" alt=\"\" class=\"wp-image-167\" style=\"aspect-ratio:1;object-fit:cover\" srcset=\"https:\/\/dagsturnatur.webfix.dk\/wp-content\/uploads\/2024\/12\/aksel-dahl-ai.jpg 512w, https:\/\/dagsturnatur.webfix.dk\/wp-content\/uploads\/2024\/12\/aksel-dahl-ai-300x300.jpg 300w, https:\/\/dagsturnatur.webfix.dk\/wp-content\/uploads\/2024\/12\/aksel-dahl-ai-150x150.jpg 150w\" sizes=\"auto, (max-width: 512px) 100vw, 512px\" \/><\/figure>\n\n\n\n<div class=\"wp-block-group is-vertical is-content-justification-center is-nowrap is-layout-flex wp-container-core-group-is-layout-21d4e958 wp-block-group-is-layout-flex\">\n<p class=\"has-text-align-center has-small-font-size\"><strong>Aksel Dahl<\/strong><\/p>\n\n\n\n<p class=\"has-text-align-center has-small-font-size\">Stifter, Natur- og kulturformidler<\/p>\n<\/div>\n<\/div>\n\n\n\n<div class=\"wp-block-column is-layout-flow wp-block-column-is-layout-flow\">\n<figure class=\"wp-block-image size-full is-style-rounded is-style-rounded--2\"><img loading=\"lazy\" decoding=\"async\" width=\"512\" height=\"512\" src=\"https:\/\/dagsturnatur.webfix.dk\/wp-content\/uploads\/2024\/12\/oliva-dahl-ai.jpg\" alt=\"\" class=\"wp-image-166\" style=\"aspect-ratio:1;object-fit:cover\" srcset=\"https:\/\/dagsturnatur.webfix.dk\/wp-content\/uploads\/2024\/12\/oliva-dahl-ai.jpg 512w, https:\/\/dagsturnatur.webfix.dk\/wp-content\/uploads\/2024\/12\/oliva-dahl-ai-300x300.jpg 300w, https:\/\/dagsturnatur.webfix.dk\/wp-content\/uploads\/2024\/12\/oliva-dahl-ai-150x150.jpg 150w\" sizes=\"auto, (max-width: 512px) 100vw, 512px\" \/><\/figure>\n\n\n\n<div class=\"wp-block-group is-vertical is-content-justification-center is-nowrap is-layout-flex wp-container-core-group-is-layout-63bfd6c1 wp-block-group-is-layout-flex\">\n<p class=\"has-text-align-center has-small-font-size\"><strong>Olivia Dahl<\/strong><\/p>\n\n\n\n<p class=\"has-text-align-center has-small-font-size\">Stifter, Biolog &amp; naturguide<\/p>\n<\/div>\n<\/div>\n\n\n\n<div class=\"wp-block-column is-layout-flow wp-block-column-is-layout-flow\">\n<figure class=\"wp-block-image size-full is-style-rounded is-style-rounded--3\"><img loading=\"lazy\" decoding=\"async\" width=\"512\" height=\"512\" src=\"https:\/\/dagsturnatur.webfix.dk\/wp-content\/uploads\/2024\/12\/frank-tejsen-ai.jpg\" alt=\"\" class=\"wp-image-169\" style=\"aspect-ratio:1;object-fit:cover\" srcset=\"https:\/\/dagsturnatur.webfix.dk\/wp-content\/uploads\/2024\/12\/frank-tejsen-ai.jpg 512w, https:\/\/dagsturnatur.webfix.dk\/wp-content\/uploads\/2024\/12\/frank-tejsen-ai-300x300.jpg 300w, https:\/\/dagsturnatur.webfix.dk\/wp-content\/uploads\/2024\/12\/frank-tejsen-ai-150x150.jpg 150w\" sizes=\"auto, (max-width: 512px) 100vw, 512px\" \/><\/figure>\n\n\n\n<div class=\"wp-block-group is-vertical is-content-justification-center is-nowrap is-layout-flex wp-container-core-group-is-layout-63bfd6c1 wp-block-group-is-layout-flex\">\n<p class=\"has-text-align-center has-small-font-size\"><strong>Frank Tejesen<\/strong><\/p>\n\n\n\n<p class=\"has-text-align-center has-small-font-size\">Biolog, Koordinator &amp; naturguide<\/p>\n<\/div>\n<\/div>\n\n\n\n<div class=\"wp-block-column is-layout-flow wp-block-column-is-layout-flow\">\n<figure class=\"wp-block-image size-full is-style-rounded is-style-rounded--4\"><img loading=\"lazy\" decoding=\"async\" width=\"512\" height=\"512\" src=\"https:\/\/dagsturnatur.webfix.dk\/wp-content\/uploads\/2024\/12\/frida-back-ai.jpg\" alt=\"\" class=\"wp-image-170\" style=\"aspect-ratio:1;object-fit:cover\" srcset=\"https:\/\/dagsturnatur.webfix.dk\/wp-content\/uploads\/2024\/12\/frida-back-ai.jpg 512w, https:\/\/dagsturnatur.webfix.dk\/wp-content\/uploads\/2024\/12\/frida-back-ai-300x300.jpg 300w, https:\/\/dagsturnatur.webfix.dk\/wp-content\/uploads\/2024\/12\/frida-back-ai-150x150.jpg 150w\" sizes=\"auto, (max-width: 512px) 100vw, 512px\" \/><\/figure>\n\n\n\n<div class=\"wp-block-group is-vertical is-content-justification-center is-nowrap is-layout-flex wp-container-core-group-is-layout-21d4e958 wp-block-group-is-layout-flex\">\n<p class=\"has-text-align-center has-small-font-size\"><strong>Frida back<\/strong><\/p>\n\n\n\n<p class=\"has-text-align-center has-small-font-size\">Koordinator &amp; naturguide<\/p>\n<\/div>\n<\/div>\n<\/div>\n<\/div>\n\n\n\n<div class=\"wp-block-group alignfull has-global-padding is-layout-constrained wp-container-core-group-is-layout-aff63992 wp-block-group-is-layout-constrained\" style=\"margin-top:0;margin-bottom:0;padding-top:0;padding-right:var(--wp--preset--spacing--50);padding-bottom:0;padding-left:var(--wp--preset--spacing--50)\">\n<div style=\"height:min(2.5rem, 3vw);width:0px\" aria-hidden=\"true\" class=\"wp-block-spacer\"><\/div>\n\n\n\n<div class=\"wp-block-columns alignwide is-layout-flex wp-container-core-columns-is-layout-4935966c wp-block-columns-is-layout-flex\" style=\"padding-right:0;padding-left:0\">\n<div class=\"wp-block-column is-layout-flow wp-block-column-is-layout-flow\">\n<div class=\"wp-block-group is-vertical is-content-justification-center is-nowrap is-layout-flex wp-container-core-group-is-layout-21d4e958 wp-block-group-is-layout-flex\">\n<figure class=\"wp-block-image size-full is-style-rounded is-style-rounded--5\"><img loading=\"lazy\" decoding=\"async\" width=\"512\" height=\"512\" src=\"https:\/\/dagsturnatur.webfix.dk\/wp-content\/uploads\/2024\/12\/maria-nielsen-ai.jpg\" alt=\"\" class=\"wp-image-186\" style=\"aspect-ratio:1;object-fit:cover\" srcset=\"https:\/\/dagsturnatur.webfix.dk\/wp-content\/uploads\/2024\/12\/maria-nielsen-ai.jpg 512w, https:\/\/dagsturnatur.webfix.dk\/wp-content\/uploads\/2024\/12\/maria-nielsen-ai-300x300.jpg 300w, https:\/\/dagsturnatur.webfix.dk\/wp-content\/uploads\/2024\/12\/maria-nielsen-ai-150x150.jpg 150w\" sizes=\"auto, (max-width: 512px) 100vw, 512px\" \/><\/figure>\n\n\n\n<p class=\"has-text-align-center has-small-font-size\"><strong>Maria Nielsen<\/strong><\/p>\n\n\n\n<p class=\"has-text-align-center has-small-font-size\">Biolog, Naturguide<\/p>\n<\/div>\n<\/div>\n\n\n\n<div class=\"wp-block-column is-layout-flow wp-block-column-is-layout-flow\">\n<figure class=\"wp-block-image size-full is-style-rounded is-style-rounded--6\"><img loading=\"lazy\" decoding=\"async\" width=\"512\" height=\"512\" src=\"https:\/\/dagsturnatur.webfix.dk\/wp-content\/uploads\/2024\/12\/karina-thyssenai.jpg\" alt=\"\" class=\"wp-image-177\" style=\"aspect-ratio:1;object-fit:cover\" srcset=\"https:\/\/dagsturnatur.webfix.dk\/wp-content\/uploads\/2024\/12\/karina-thyssenai.jpg 512w, https:\/\/dagsturnatur.webfix.dk\/wp-content\/uploads\/2024\/12\/karina-thyssenai-300x300.jpg 300w, https:\/\/dagsturnatur.webfix.dk\/wp-content\/uploads\/2024\/12\/karina-thyssenai-150x150.jpg 150w\" sizes=\"auto, (max-width: 512px) 100vw, 512px\" \/><\/figure>\n\n\n\n<div class=\"wp-block-group is-vertical is-content-justification-center is-nowrap is-layout-flex wp-container-core-group-is-layout-63bfd6c1 wp-block-group-is-layout-flex\">\n<p class=\"has-text-align-center has-small-font-size\"><strong>Karina Thyssen<\/strong><\/p>\n\n\n\n<p class=\"has-text-align-center has-small-font-size\">Biolog, Naturguide<\/p>\n<\/div>\n<\/div>\n\n\n\n<div class=\"wp-block-column is-layout-flow wp-block-column-is-layout-flow\">\n<figure class=\"wp-block-image size-full is-style-rounded is-style-rounded--7\"><img loading=\"lazy\" decoding=\"async\" width=\"512\" height=\"512\" src=\"https:\/\/dagsturnatur.webfix.dk\/wp-content\/uploads\/2024\/12\/mads-nielsen-ai.jpg\" alt=\"\" class=\"wp-image-173\" style=\"aspect-ratio:1;object-fit:cover\" srcset=\"https:\/\/dagsturnatur.webfix.dk\/wp-content\/uploads\/2024\/12\/mads-nielsen-ai.jpg 512w, https:\/\/dagsturnatur.webfix.dk\/wp-content\/uploads\/2024\/12\/mads-nielsen-ai-300x300.jpg 300w, https:\/\/dagsturnatur.webfix.dk\/wp-content\/uploads\/2024\/12\/mads-nielsen-ai-150x150.jpg 150w\" sizes=\"auto, (max-width: 512px) 100vw, 512px\" \/><\/figure>\n\n\n\n<div class=\"wp-block-group is-vertical is-content-justification-center is-nowrap is-layout-flex wp-container-core-group-is-layout-63bfd6c1 wp-block-group-is-layout-flex\">\n<p class=\"has-text-align-center has-small-font-size\"><strong>Lars  Christensen<\/strong><\/p>\n\n\n\n<p class=\"has-text-align-center has-small-font-size\">Milj\u00f8  &amp; naturguide<\/p>\n<\/div>\n<\/div>\n\n\n\n<div class=\"wp-block-column is-layout-flow wp-block-column-is-layout-flow\">\n<figure class=\"wp-block-image size-full is-style-rounded is-style-rounded--8\"><img loading=\"lazy\" decoding=\"async\" width=\"512\" height=\"512\" src=\"https:\/\/dagsturnatur.webfix.dk\/wp-content\/uploads\/2024\/12\/emma-green-ai.jpg\" alt=\"\" class=\"wp-image-168\" style=\"aspect-ratio:1;object-fit:cover\" srcset=\"https:\/\/dagsturnatur.webfix.dk\/wp-content\/uploads\/2024\/12\/emma-green-ai.jpg 512w, https:\/\/dagsturnatur.webfix.dk\/wp-content\/uploads\/2024\/12\/emma-green-ai-300x300.jpg 300w, https:\/\/dagsturnatur.webfix.dk\/wp-content\/uploads\/2024\/12\/emma-green-ai-150x150.jpg 150w\" sizes=\"auto, (max-width: 512px) 100vw, 512px\" \/><\/figure>\n\n\n\n<div class=\"wp-block-group is-vertical is-content-justification-center is-nowrap is-layout-flex wp-container-core-group-is-layout-21d4e958 wp-block-group-is-layout-flex\">\n<p class=\"has-text-align-center has-small-font-size\"><strong>Emma Green<\/strong><\/p>\n\n\n\n<p class=\"has-text-align-center has-small-font-size\">Naturguide, elev<\/p>\n<\/div>\n<\/div>\n<\/div>\n<\/div>\n","protected":false},"excerpt":{"rendered":"<p>M\u00f8d vores team F\u00e5 sat ansigt p\u00e5 de personer som du vil m\u00f8de p\u00e5 vores vandreture. Aksel Dahl Stifter, Natur- og kulturformidler Olivia Dahl Stifter, Biolog &amp; naturguide Frank Tejesen Biolog, Koordinator &amp; naturguide Frida back Koordinator &amp; naturguide Maria Nielsen Biolog, Naturguide Karina Thyssen Biolog, Naturguide Lars Christensen Milj\u00f8 &amp; naturguide Emma Green Naturguide, [&hellip;]<\/p>\n","protected":false},"author":1,"featured_media":265,"parent":0,"menu_order":3,"comment_status":"closed","ping_status":"closed","template":"page-no-title","meta":{"footnotes":""},"class_list":["post-110","page","type-page","status-publish","has-post-thumbnail","hentry"],"_links":{"self":[{"href":"https:\/\/dagsturnatur.webfix.dk\/index.php\/wp-json\/wp\/v2\/pages\/110","targetHints":{"allow":["GET"]}}],"collection":[{"href":"https:\/\/dagsturnatur.webfix.dk\/index.php\/wp-json\/wp\/v2\/pages"}],"about":[{"href":"https:\/\/dagsturnatur.webfix.dk\/index.php\/wp-json\/wp\/v2\/types\/page"}],"author":[{"embeddable":true,"href":"https:\/\/dagsturnatur.webfix.dk\/index.php\/wp-json\/wp\/v2\/users\/1"}],"replies":[{"embeddable":true,"href":"https:\/\/dagsturnatur.webfix.dk\/index.php\/wp-json\/wp\/v2\/comments?post=110"}],"version-history":[{"count":22,"href":"https:\/\/dagsturnatur.webfix.dk\/index.php\/wp-json\/wp\/v2\/pages\/110\/revisions"}],"predecessor-version":[{"id":366,"href":"https:\/\/dagsturnatur.webfix.dk\/index.php\/wp-json\/wp\/v2\/pages\/110\/revisions\/366"}],"wp:featuredmedia":[{"embeddable":true,"href":"https:\/\/dagsturnatur.webfix.dk\/index.php\/wp-json\/wp\/v2\/media\/265"}],"wp:attachment":[{"href":"https:\/\/dagsturnatur.webfix.dk\/index.php\/wp-json\/wp\/v2\/media?parent=110"}],"curies":[{"name":"wp","href":"https:\/\/api.w.org\/{rel}","templated":true}]}}