{"id":279,"date":"2025-03-13T15:59:54","date_gmt":"2025-03-13T14:59:54","guid":{"rendered":"https:\/\/dagsturnatur.webfix.dk\/?page_id=279"},"modified":"2025-03-14T17:30:52","modified_gmt":"2025-03-14T16:30:52","slug":"galleri-moens-klint","status":"publish","type":"page","link":"https:\/\/dagsturnatur.webfix.dk\/index.php\/galleri-moens-klint\/","title":{"rendered":"Galleri M\u00f8ns Klint"},"content":{"rendered":"\n<div class=\"wp-block-group alignwide is-layout-flow wp-container-core-group-is-layout-92c9f0b4 wp-block-group-is-layout-flow\" style=\"margin-top:0;margin-bottom:0;padding-top:0;padding-right:0;padding-bottom:0;padding-left:0\">\n<p>Oplev Galleri M\u00f8ns Klint \u2013 en digital rejse gennem naturens eget kunstv\u00e6rk. Udforsk de majest\u00e6tiske klinter, der rejser sig <br>dramatisk fra det turkisbl\u00e5 hav. M\u00e6rk historiens vingesus, n\u00e5r du g\u00e5r p\u00e5 opdagelse i fossiler og unikke klippeformationer.<br>En inspirerende dagsudflugt, der v\u00e6kker nysgerrigheden og pirrer sanserne hos store og sm\u00e5. <\/p>\n<\/div>\n\n\n\n<figure class=\"wp-block-gallery alignwide has-nested-images columns-3 is-cropped wp-block-gallery-1 is-layout-flex wp-block-gallery-is-layout-flex\">\n<figure data-wp-context=\"{&quot;imageId&quot;:&quot;6a05fbea38195&quot;}\" data-wp-interactive=\"core\/image\" data-wp-key=\"6a05fbea38195\" class=\"wp-block-image size-large wp-lightbox-container\"><img loading=\"lazy\" decoding=\"async\" width=\"920\" height=\"612\" data-wp-class--hide=\"state.isContentHidden\" data-wp-class--show=\"state.isContentVisible\" data-wp-init=\"callbacks.setButtonStyles\" data-wp-on--click=\"actions.showLightbox\" data-wp-on--load=\"callbacks.setButtonStyles\" data-wp-on-window--resize=\"callbacks.setButtonStyles\" data-id=\"264\" src=\"https:\/\/dagsturnatur.webfix.dk\/wp-content\/uploads\/2025\/03\/moens-klint-6.jpg\" alt=\"\" class=\"wp-image-264\" srcset=\"https:\/\/dagsturnatur.webfix.dk\/wp-content\/uploads\/2025\/03\/moens-klint-6.jpg 920w, https:\/\/dagsturnatur.webfix.dk\/wp-content\/uploads\/2025\/03\/moens-klint-6-300x200.jpg 300w, https:\/\/dagsturnatur.webfix.dk\/wp-content\/uploads\/2025\/03\/moens-klint-6-768x511.jpg 768w\" sizes=\"auto, (max-width: 920px) 100vw, 920px\" \/><button\n\t\t\tclass=\"lightbox-trigger\"\n\t\t\ttype=\"button\"\n\t\t\taria-haspopup=\"dialog\"\n\t\t\taria-label=\"Forst\u00f8r\"\n\t\t\tdata-wp-init=\"callbacks.initTriggerButton\"\n\t\t\tdata-wp-on--click=\"actions.showLightbox\"\n\t\t\tdata-wp-style--right=\"state.imageButtonRight\"\n\t\t\tdata-wp-style--top=\"state.imageButtonTop\"\n\t\t>\n\t\t\t<svg xmlns=\"http:\/\/www.w3.org\/2000\/svg\" width=\"12\" height=\"12\" fill=\"none\" viewBox=\"0 0 12 12\">\n\t\t\t\t<path fill=\"#fff\" d=\"M2 0a2 2 0 0 0-2 2v2h1.5V2a.5.5 0 0 1 .5-.5h2V0H2Zm2 10.5H2a.5.5 0 0 1-.5-.5V8H0v2a2 2 0 0 0 2 2h2v-1.5ZM8 12v-1.5h2a.5.5 0 0 0 .5-.5V8H12v2a2 2 0 0 1-2 2H8Zm2-12a2 2 0 0 1 2 2v2h-1.5V2a.5.5 0 0 0-.5-.5H8V0h2Z\" \/>\n\t\t\t<\/svg>\n\t\t<\/button><figcaption class=\"wp-element-caption\">Set fra oven<\/figcaption><\/figure>\n\n\n\n<figure data-wp-context=\"{&quot;imageId&quot;:&quot;6a05fbea38439&quot;}\" data-wp-interactive=\"core\/image\" data-wp-key=\"6a05fbea38439\" class=\"wp-block-image size-large wp-lightbox-container\"><img loading=\"lazy\" decoding=\"async\" width=\"920\" height=\"612\" data-wp-class--hide=\"state.isContentHidden\" data-wp-class--show=\"state.isContentVisible\" data-wp-init=\"callbacks.setButtonStyles\" data-wp-on--click=\"actions.showLightbox\" data-wp-on--load=\"callbacks.setButtonStyles\" data-wp-on-window--resize=\"callbacks.setButtonStyles\" data-id=\"263\" src=\"https:\/\/dagsturnatur.webfix.dk\/wp-content\/uploads\/2025\/03\/moens-klint-7.jpg\" alt=\"\" class=\"wp-image-263\" srcset=\"https:\/\/dagsturnatur.webfix.dk\/wp-content\/uploads\/2025\/03\/moens-klint-7.jpg 920w, https:\/\/dagsturnatur.webfix.dk\/wp-content\/uploads\/2025\/03\/moens-klint-7-300x200.jpg 300w, https:\/\/dagsturnatur.webfix.dk\/wp-content\/uploads\/2025\/03\/moens-klint-7-768x511.jpg 768w\" sizes=\"auto, (max-width: 920px) 100vw, 920px\" \/><button\n\t\t\tclass=\"lightbox-trigger\"\n\t\t\ttype=\"button\"\n\t\t\taria-haspopup=\"dialog\"\n\t\t\taria-label=\"Forst\u00f8r\"\n\t\t\tdata-wp-init=\"callbacks.initTriggerButton\"\n\t\t\tdata-wp-on--click=\"actions.showLightbox\"\n\t\t\tdata-wp-style--right=\"state.imageButtonRight\"\n\t\t\tdata-wp-style--top=\"state.imageButtonTop\"\n\t\t>\n\t\t\t<svg xmlns=\"http:\/\/www.w3.org\/2000\/svg\" width=\"12\" height=\"12\" fill=\"none\" viewBox=\"0 0 12 12\">\n\t\t\t\t<path fill=\"#fff\" d=\"M2 0a2 2 0 0 0-2 2v2h1.5V2a.5.5 0 0 1 .5-.5h2V0H2Zm2 10.5H2a.5.5 0 0 1-.5-.5V8H0v2a2 2 0 0 0 2 2h2v-1.5ZM8 12v-1.5h2a.5.5 0 0 0 .5-.5V8H12v2a2 2 0 0 1-2 2H8Zm2-12a2 2 0 0 1 2 2v2h-1.5V2a.5.5 0 0 0-.5-.5H8V0h2Z\" \/>\n\t\t\t<\/svg>\n\t\t<\/button><figcaption class=\"wp-element-caption\">Ved vandkanten<\/figcaption><\/figure>\n\n\n\n<figure data-wp-context=\"{&quot;imageId&quot;:&quot;6a05fbea38690&quot;}\" data-wp-interactive=\"core\/image\" data-wp-key=\"6a05fbea38690\" class=\"wp-block-image size-large wp-lightbox-container\"><img loading=\"lazy\" decoding=\"async\" width=\"920\" height=\"612\" data-wp-class--hide=\"state.isContentHidden\" data-wp-class--show=\"state.isContentVisible\" data-wp-init=\"callbacks.setButtonStyles\" data-wp-on--click=\"actions.showLightbox\" data-wp-on--load=\"callbacks.setButtonStyles\" data-wp-on-window--resize=\"callbacks.setButtonStyles\" data-id=\"266\" src=\"https:\/\/dagsturnatur.webfix.dk\/wp-content\/uploads\/2025\/03\/moens-klint-4.jpg\" alt=\"\" class=\"wp-image-266\" srcset=\"https:\/\/dagsturnatur.webfix.dk\/wp-content\/uploads\/2025\/03\/moens-klint-4.jpg 920w, https:\/\/dagsturnatur.webfix.dk\/wp-content\/uploads\/2025\/03\/moens-klint-4-300x200.jpg 300w, https:\/\/dagsturnatur.webfix.dk\/wp-content\/uploads\/2025\/03\/moens-klint-4-768x511.jpg 768w\" sizes=\"auto, (max-width: 920px) 100vw, 920px\" \/><button\n\t\t\tclass=\"lightbox-trigger\"\n\t\t\ttype=\"button\"\n\t\t\taria-haspopup=\"dialog\"\n\t\t\taria-label=\"Forst\u00f8r\"\n\t\t\tdata-wp-init=\"callbacks.initTriggerButton\"\n\t\t\tdata-wp-on--click=\"actions.showLightbox\"\n\t\t\tdata-wp-style--right=\"state.imageButtonRight\"\n\t\t\tdata-wp-style--top=\"state.imageButtonTop\"\n\t\t>\n\t\t\t<svg xmlns=\"http:\/\/www.w3.org\/2000\/svg\" width=\"12\" height=\"12\" fill=\"none\" viewBox=\"0 0 12 12\">\n\t\t\t\t<path fill=\"#fff\" d=\"M2 0a2 2 0 0 0-2 2v2h1.5V2a.5.5 0 0 1 .5-.5h2V0H2Zm2 10.5H2a.5.5 0 0 1-.5-.5V8H0v2a2 2 0 0 0 2 2h2v-1.5ZM8 12v-1.5h2a.5.5 0 0 0 .5-.5V8H12v2a2 2 0 0 1-2 2H8Zm2-12a2 2 0 0 1 2 2v2h-1.5V2a.5.5 0 0 0-.5-.5H8V0h2Z\" \/>\n\t\t\t<\/svg>\n\t\t<\/button><figcaption class=\"wp-element-caption\">Den sydlige del<\/figcaption><\/figure>\n\n\n\n<figure data-wp-context=\"{&quot;imageId&quot;:&quot;6a05fbea388d1&quot;}\" data-wp-interactive=\"core\/image\" data-wp-key=\"6a05fbea388d1\" class=\"wp-block-image size-large wp-lightbox-container\"><img loading=\"lazy\" decoding=\"async\" width=\"920\" height=\"576\" data-wp-class--hide=\"state.isContentHidden\" data-wp-class--show=\"state.isContentVisible\" data-wp-init=\"callbacks.setButtonStyles\" data-wp-on--click=\"actions.showLightbox\" data-wp-on--load=\"callbacks.setButtonStyles\" data-wp-on-window--resize=\"callbacks.setButtonStyles\" data-id=\"272\" src=\"https:\/\/dagsturnatur.webfix.dk\/wp-content\/uploads\/2025\/03\/moens-klint-2-1.jpg\" alt=\"\" class=\"wp-image-272\" srcset=\"https:\/\/dagsturnatur.webfix.dk\/wp-content\/uploads\/2025\/03\/moens-klint-2-1.jpg 920w, https:\/\/dagsturnatur.webfix.dk\/wp-content\/uploads\/2025\/03\/moens-klint-2-1-300x188.jpg 300w, https:\/\/dagsturnatur.webfix.dk\/wp-content\/uploads\/2025\/03\/moens-klint-2-1-768x481.jpg 768w\" sizes=\"auto, (max-width: 920px) 100vw, 920px\" \/><button\n\t\t\tclass=\"lightbox-trigger\"\n\t\t\ttype=\"button\"\n\t\t\taria-haspopup=\"dialog\"\n\t\t\taria-label=\"Forst\u00f8r\"\n\t\t\tdata-wp-init=\"callbacks.initTriggerButton\"\n\t\t\tdata-wp-on--click=\"actions.showLightbox\"\n\t\t\tdata-wp-style--right=\"state.imageButtonRight\"\n\t\t\tdata-wp-style--top=\"state.imageButtonTop\"\n\t\t>\n\t\t\t<svg xmlns=\"http:\/\/www.w3.org\/2000\/svg\" width=\"12\" height=\"12\" fill=\"none\" viewBox=\"0 0 12 12\">\n\t\t\t\t<path fill=\"#fff\" d=\"M2 0a2 2 0 0 0-2 2v2h1.5V2a.5.5 0 0 1 .5-.5h2V0H2Zm2 10.5H2a.5.5 0 0 1-.5-.5V8H0v2a2 2 0 0 0 2 2h2v-1.5ZM8 12v-1.5h2a.5.5 0 0 0 .5-.5V8H12v2a2 2 0 0 1-2 2H8Zm2-12a2 2 0 0 1 2 2v2h-1.5V2a.5.5 0 0 0-.5-.5H8V0h2Z\" \/>\n\t\t\t<\/svg>\n\t\t<\/button><figcaption class=\"wp-element-caption\">Deltager fra sidste tur<\/figcaption><\/figure>\n\n\n\n<figure data-wp-context=\"{&quot;imageId&quot;:&quot;6a05fbea38b10&quot;}\" data-wp-interactive=\"core\/image\" data-wp-key=\"6a05fbea38b10\" class=\"wp-block-image size-large wp-lightbox-container\"><img loading=\"lazy\" decoding=\"async\" width=\"920\" height=\"612\" data-wp-class--hide=\"state.isContentHidden\" data-wp-class--show=\"state.isContentVisible\" data-wp-init=\"callbacks.setButtonStyles\" data-wp-on--click=\"actions.showLightbox\" data-wp-on--load=\"callbacks.setButtonStyles\" data-wp-on-window--resize=\"callbacks.setButtonStyles\" data-id=\"265\" src=\"https:\/\/dagsturnatur.webfix.dk\/wp-content\/uploads\/2025\/03\/moens-klint-5.jpg\" alt=\"\" class=\"wp-image-265\" srcset=\"https:\/\/dagsturnatur.webfix.dk\/wp-content\/uploads\/2025\/03\/moens-klint-5.jpg 920w, https:\/\/dagsturnatur.webfix.dk\/wp-content\/uploads\/2025\/03\/moens-klint-5-300x200.jpg 300w, https:\/\/dagsturnatur.webfix.dk\/wp-content\/uploads\/2025\/03\/moens-klint-5-768x511.jpg 768w\" sizes=\"auto, (max-width: 920px) 100vw, 920px\" \/><button\n\t\t\tclass=\"lightbox-trigger\"\n\t\t\ttype=\"button\"\n\t\t\taria-haspopup=\"dialog\"\n\t\t\taria-label=\"Forst\u00f8r\"\n\t\t\tdata-wp-init=\"callbacks.initTriggerButton\"\n\t\t\tdata-wp-on--click=\"actions.showLightbox\"\n\t\t\tdata-wp-style--right=\"state.imageButtonRight\"\n\t\t\tdata-wp-style--top=\"state.imageButtonTop\"\n\t\t>\n\t\t\t<svg xmlns=\"http:\/\/www.w3.org\/2000\/svg\" width=\"12\" height=\"12\" fill=\"none\" viewBox=\"0 0 12 12\">\n\t\t\t\t<path fill=\"#fff\" d=\"M2 0a2 2 0 0 0-2 2v2h1.5V2a.5.5 0 0 1 .5-.5h2V0H2Zm2 10.5H2a.5.5 0 0 1-.5-.5V8H0v2a2 2 0 0 0 2 2h2v-1.5ZM8 12v-1.5h2a.5.5 0 0 0 .5-.5V8H12v2a2 2 0 0 1-2 2H8Zm2-12a2 2 0 0 1 2 2v2h-1.5V2a.5.5 0 0 0-.5-.5H8V0h2Z\" \/>\n\t\t\t<\/svg>\n\t\t<\/button><figcaption class=\"wp-element-caption\">Skred set fra oven<\/figcaption><\/figure>\n\n\n\n<figure data-wp-context=\"{&quot;imageId&quot;:&quot;6a05fbea38d53&quot;}\" data-wp-interactive=\"core\/image\" data-wp-key=\"6a05fbea38d53\" class=\"wp-block-image size-large wp-lightbox-container\"><img loading=\"lazy\" decoding=\"async\" width=\"920\" height=\"612\" data-wp-class--hide=\"state.isContentHidden\" data-wp-class--show=\"state.isContentVisible\" data-wp-init=\"callbacks.setButtonStyles\" data-wp-on--click=\"actions.showLightbox\" data-wp-on--load=\"callbacks.setButtonStyles\" data-wp-on-window--resize=\"callbacks.setButtonStyles\" data-id=\"262\" src=\"https:\/\/dagsturnatur.webfix.dk\/wp-content\/uploads\/2025\/03\/moens-klint-1.jpg\" alt=\"\" class=\"wp-image-262\" srcset=\"https:\/\/dagsturnatur.webfix.dk\/wp-content\/uploads\/2025\/03\/moens-klint-1.jpg 920w, https:\/\/dagsturnatur.webfix.dk\/wp-content\/uploads\/2025\/03\/moens-klint-1-300x200.jpg 300w, https:\/\/dagsturnatur.webfix.dk\/wp-content\/uploads\/2025\/03\/moens-klint-1-768x511.jpg 768w\" sizes=\"auto, (max-width: 920px) 100vw, 920px\" \/><button\n\t\t\tclass=\"lightbox-trigger\"\n\t\t\ttype=\"button\"\n\t\t\taria-haspopup=\"dialog\"\n\t\t\taria-label=\"Forst\u00f8r\"\n\t\t\tdata-wp-init=\"callbacks.initTriggerButton\"\n\t\t\tdata-wp-on--click=\"actions.showLightbox\"\n\t\t\tdata-wp-style--right=\"state.imageButtonRight\"\n\t\t\tdata-wp-style--top=\"state.imageButtonTop\"\n\t\t>\n\t\t\t<svg xmlns=\"http:\/\/www.w3.org\/2000\/svg\" width=\"12\" height=\"12\" fill=\"none\" viewBox=\"0 0 12 12\">\n\t\t\t\t<path fill=\"#fff\" d=\"M2 0a2 2 0 0 0-2 2v2h1.5V2a.5.5 0 0 1 .5-.5h2V0H2Zm2 10.5H2a.5.5 0 0 1-.5-.5V8H0v2a2 2 0 0 0 2 2h2v-1.5ZM8 12v-1.5h2a.5.5 0 0 0 .5-.5V8H12v2a2 2 0 0 1-2 2H8Zm2-12a2 2 0 0 1 2 2v2h-1.5V2a.5.5 0 0 0-.5-.5H8V0h2Z\" \/>\n\t\t\t<\/svg>\n\t\t<\/button><figcaption class=\"wp-element-caption\">Udsigt fra oven<\/figcaption><\/figure>\n\n\n\n<figure data-wp-context=\"{&quot;imageId&quot;:&quot;6a05fbea38f82&quot;}\" data-wp-interactive=\"core\/image\" data-wp-key=\"6a05fbea38f82\" class=\"wp-block-image size-large wp-lightbox-container\"><img loading=\"lazy\" decoding=\"async\" width=\"920\" height=\"612\" data-wp-class--hide=\"state.isContentHidden\" data-wp-class--show=\"state.isContentVisible\" data-wp-init=\"callbacks.setButtonStyles\" data-wp-on--click=\"actions.showLightbox\" data-wp-on--load=\"callbacks.setButtonStyles\" data-wp-on-window--resize=\"callbacks.setButtonStyles\" data-id=\"261\" src=\"https:\/\/dagsturnatur.webfix.dk\/wp-content\/uploads\/2025\/03\/moens-klint-2.jpg\" alt=\"\" class=\"wp-image-261\" srcset=\"https:\/\/dagsturnatur.webfix.dk\/wp-content\/uploads\/2025\/03\/moens-klint-2.jpg 920w, https:\/\/dagsturnatur.webfix.dk\/wp-content\/uploads\/2025\/03\/moens-klint-2-300x200.jpg 300w, https:\/\/dagsturnatur.webfix.dk\/wp-content\/uploads\/2025\/03\/moens-klint-2-768x511.jpg 768w\" sizes=\"auto, (max-width: 920px) 100vw, 920px\" \/><button\n\t\t\tclass=\"lightbox-trigger\"\n\t\t\ttype=\"button\"\n\t\t\taria-haspopup=\"dialog\"\n\t\t\taria-label=\"Forst\u00f8r\"\n\t\t\tdata-wp-init=\"callbacks.initTriggerButton\"\n\t\t\tdata-wp-on--click=\"actions.showLightbox\"\n\t\t\tdata-wp-style--right=\"state.imageButtonRight\"\n\t\t\tdata-wp-style--top=\"state.imageButtonTop\"\n\t\t>\n\t\t\t<svg xmlns=\"http:\/\/www.w3.org\/2000\/svg\" width=\"12\" height=\"12\" fill=\"none\" viewBox=\"0 0 12 12\">\n\t\t\t\t<path fill=\"#fff\" d=\"M2 0a2 2 0 0 0-2 2v2h1.5V2a.5.5 0 0 1 .5-.5h2V0H2Zm2 10.5H2a.5.5 0 0 1-.5-.5V8H0v2a2 2 0 0 0 2 2h2v-1.5ZM8 12v-1.5h2a.5.5 0 0 0 .5-.5V8H12v2a2 2 0 0 1-2 2H8Zm2-12a2 2 0 0 1 2 2v2h-1.5V2a.5.5 0 0 0-.5-.5H8V0h2Z\" \/>\n\t\t\t<\/svg>\n\t\t<\/button><figcaption class=\"wp-element-caption\">Stranden M\u00f8ns Klint<\/figcaption><\/figure>\n\n\n\n<figure data-wp-context=\"{&quot;imageId&quot;:&quot;6a05fbea391b8&quot;}\" data-wp-interactive=\"core\/image\" data-wp-key=\"6a05fbea391b8\" class=\"wp-block-image size-large wp-lightbox-container\"><img loading=\"lazy\" decoding=\"async\" width=\"920\" height=\"613\" data-wp-class--hide=\"state.isContentHidden\" data-wp-class--show=\"state.isContentVisible\" data-wp-init=\"callbacks.setButtonStyles\" data-wp-on--click=\"actions.showLightbox\" data-wp-on--load=\"callbacks.setButtonStyles\" data-wp-on-window--resize=\"callbacks.setButtonStyles\" data-id=\"260\" src=\"https:\/\/dagsturnatur.webfix.dk\/wp-content\/uploads\/2025\/03\/moens-klint-3.jpg\" alt=\"\" class=\"wp-image-260\" srcset=\"https:\/\/dagsturnatur.webfix.dk\/wp-content\/uploads\/2025\/03\/moens-klint-3.jpg 920w, https:\/\/dagsturnatur.webfix.dk\/wp-content\/uploads\/2025\/03\/moens-klint-3-300x200.jpg 300w, https:\/\/dagsturnatur.webfix.dk\/wp-content\/uploads\/2025\/03\/moens-klint-3-768x512.jpg 768w\" sizes=\"auto, (max-width: 920px) 100vw, 920px\" \/><button\n\t\t\tclass=\"lightbox-trigger\"\n\t\t\ttype=\"button\"\n\t\t\taria-haspopup=\"dialog\"\n\t\t\taria-label=\"Forst\u00f8r\"\n\t\t\tdata-wp-init=\"callbacks.initTriggerButton\"\n\t\t\tdata-wp-on--click=\"actions.showLightbox\"\n\t\t\tdata-wp-style--right=\"state.imageButtonRight\"\n\t\t\tdata-wp-style--top=\"state.imageButtonTop\"\n\t\t>\n\t\t\t<svg xmlns=\"http:\/\/www.w3.org\/2000\/svg\" width=\"12\" height=\"12\" fill=\"none\" viewBox=\"0 0 12 12\">\n\t\t\t\t<path fill=\"#fff\" d=\"M2 0a2 2 0 0 0-2 2v2h1.5V2a.5.5 0 0 1 .5-.5h2V0H2Zm2 10.5H2a.5.5 0 0 1-.5-.5V8H0v2a2 2 0 0 0 2 2h2v-1.5ZM8 12v-1.5h2a.5.5 0 0 0 .5-.5V8H12v2a2 2 0 0 1-2 2H8Zm2-12a2 2 0 0 1 2 2v2h-1.5V2a.5.5 0 0 0-.5-.5H8V0h2Z\" \/>\n\t\t\t<\/svg>\n\t\t<\/button><figcaption class=\"wp-element-caption\">Stranden<\/figcaption><\/figure>\n\n\n\n<figure data-wp-context=\"{&quot;imageId&quot;:&quot;6a05fbea393e2&quot;}\" data-wp-interactive=\"core\/image\" data-wp-key=\"6a05fbea393e2\" class=\"wp-block-image size-large wp-lightbox-container\"><img loading=\"lazy\" decoding=\"async\" width=\"920\" height=\"574\" data-wp-class--hide=\"state.isContentHidden\" data-wp-class--show=\"state.isContentVisible\" data-wp-init=\"callbacks.setButtonStyles\" data-wp-on--click=\"actions.showLightbox\" data-wp-on--load=\"callbacks.setButtonStyles\" data-wp-on-window--resize=\"callbacks.setButtonStyles\" data-id=\"271\" src=\"https:\/\/dagsturnatur.webfix.dk\/wp-content\/uploads\/2025\/03\/moens-klint-orkide.jpg\" alt=\"\" class=\"wp-image-271\" srcset=\"https:\/\/dagsturnatur.webfix.dk\/wp-content\/uploads\/2025\/03\/moens-klint-orkide.jpg 920w, https:\/\/dagsturnatur.webfix.dk\/wp-content\/uploads\/2025\/03\/moens-klint-orkide-300x187.jpg 300w, https:\/\/dagsturnatur.webfix.dk\/wp-content\/uploads\/2025\/03\/moens-klint-orkide-768x479.jpg 768w\" sizes=\"auto, (max-width: 920px) 100vw, 920px\" \/><button\n\t\t\tclass=\"lightbox-trigger\"\n\t\t\ttype=\"button\"\n\t\t\taria-haspopup=\"dialog\"\n\t\t\taria-label=\"Forst\u00f8r\"\n\t\t\tdata-wp-init=\"callbacks.initTriggerButton\"\n\t\t\tdata-wp-on--click=\"actions.showLightbox\"\n\t\t\tdata-wp-style--right=\"state.imageButtonRight\"\n\t\t\tdata-wp-style--top=\"state.imageButtonTop\"\n\t\t>\n\t\t\t<svg xmlns=\"http:\/\/www.w3.org\/2000\/svg\" width=\"12\" height=\"12\" fill=\"none\" viewBox=\"0 0 12 12\">\n\t\t\t\t<path fill=\"#fff\" d=\"M2 0a2 2 0 0 0-2 2v2h1.5V2a.5.5 0 0 1 .5-.5h2V0H2Zm2 10.5H2a.5.5 0 0 1-.5-.5V8H0v2a2 2 0 0 0 2 2h2v-1.5ZM8 12v-1.5h2a.5.5 0 0 0 .5-.5V8H12v2a2 2 0 0 1-2 2H8Zm2-12a2 2 0 0 1 2 2v2h-1.5V2a.5.5 0 0 0-.5-.5H8V0h2Z\" \/>\n\t\t\t<\/svg>\n\t\t<\/button><figcaption class=\"wp-element-caption\">Sj\u00e6ldne orkideer<\/figcaption><\/figure>\n<\/figure>\n","protected":false},"excerpt":{"rendered":"<p>Oplev Galleri M\u00f8ns Klint \u2013 en digital rejse gennem naturens eget kunstv\u00e6rk. Udforsk de majest\u00e6tiske klinter, der rejser sig dramatisk fra det turkisbl\u00e5 hav. M\u00e6rk historiens vingesus, n\u00e5r du g\u00e5r p\u00e5 opdagelse i fossiler og unikke klippeformationer.En inspirerende dagsudflugt, der v\u00e6kker nysgerrigheden og pirrer sanserne hos store og sm\u00e5.<\/p>\n","protected":false},"author":1,"featured_media":0,"parent":0,"menu_order":0,"comment_status":"closed","ping_status":"closed","template":"","meta":{"footnotes":""},"class_list":["post-279","page","type-page","status-publish","hentry"],"_links":{"self":[{"href":"https:\/\/dagsturnatur.webfix.dk\/index.php\/wp-json\/wp\/v2\/pages\/279","targetHints":{"allow":["GET"]}}],"collection":[{"href":"https:\/\/dagsturnatur.webfix.dk\/index.php\/wp-json\/wp\/v2\/pages"}],"about":[{"href":"https:\/\/dagsturnatur.webfix.dk\/index.php\/wp-json\/wp\/v2\/types\/page"}],"author":[{"embeddable":true,"href":"https:\/\/dagsturnatur.webfix.dk\/index.php\/wp-json\/wp\/v2\/users\/1"}],"replies":[{"embeddable":true,"href":"https:\/\/dagsturnatur.webfix.dk\/index.php\/wp-json\/wp\/v2\/comments?post=279"}],"version-history":[{"count":17,"href":"https:\/\/dagsturnatur.webfix.dk\/index.php\/wp-json\/wp\/v2\/pages\/279\/revisions"}],"predecessor-version":[{"id":302,"href":"https:\/\/dagsturnatur.webfix.dk\/index.php\/wp-json\/wp\/v2\/pages\/279\/revisions\/302"}],"wp:attachment":[{"href":"https:\/\/dagsturnatur.webfix.dk\/index.php\/wp-json\/wp\/v2\/media?parent=279"}],"curies":[{"name":"wp","href":"https:\/\/api.w.org\/{rel}","templated":true}]}}