{"id":367,"date":"2025-05-15T11:56:22","date_gmt":"2025-05-15T09:56:22","guid":{"rendered":"https:\/\/dagsturnatur.webfix.dk\/?page_id=367"},"modified":"2025-05-22T01:48:02","modified_gmt":"2025-05-21T23:48:02","slug":"om-os","status":"publish","type":"page","link":"https:\/\/dagsturnatur.webfix.dk\/index.php\/om-os\/","title":{"rendered":"Om os"},"content":{"rendered":"\n<div class=\"wp-block-group alignfull has-base-2-background-color has-background has-global-padding is-layout-constrained wp-container-core-group-is-layout-0230c5a1 wp-block-group-is-layout-constrained\" style=\"margin-top:0;margin-bottom:0;padding-top:var(--wp--preset--spacing--50);padding-right:var(--wp--preset--spacing--50);padding-bottom:var(--wp--preset--spacing--50);padding-left:var(--wp--preset--spacing--50)\">\n<div class=\"wp-block-group is-vertical is-content-justification-center is-layout-flex wp-container-core-group-is-layout-52b864f0 wp-block-group-is-layout-flex\">\n<h2 class=\"wp-block-heading has-text-align-center\">Vores historie og passion for Danmarks natur<\/h2>\n\n\n\n<div style=\"height:0px\" aria-hidden=\"true\" class=\"wp-block-spacer wp-container-content-4f2ccadb\"><\/div>\n\n\n\n<p class=\"has-text-align-center\">M\u00f8d grundl\u00e6ggerne bag DagsturNatur<\/p>\n<\/div>\n\n\n\n<p style=\"padding-top:0;padding-bottom:0\">DagsturNatur blev f\u00f8dt ud af en dyb k\u00e6rlighed til den danske natur og et \u00f8nske om at dele dens sk\u00f8nhed med andre. Historien begyndte i 2018, da \u00e6gteparret Aksel og Olivia Dahl besluttede at kombinere deres livslange passion og faglige ekspertise.<\/p>\n\n\n\n<p>Efter 15 \u00e5r som gymnasiel\u00e6rer i biologi og geografi f\u00f8lte Aksel et stigende behov for at formidle naturens vidundere uden for klassev\u00e6relsets fire v\u00e6gge. Samtidig havde Olivia, med sin baggrund som feltbiolog og forsker ved K\u00f8benhavns Universitet, l\u00e6nge dr\u00f8mt om at g\u00f8re sin viden om dansk flora og fauna tilg\u00e6ngelig for alle naturentusiaster.<\/p>\n\n\n\n<p style=\"padding-top:0;padding-bottom:0\">P\u00e5 en vandring gennem Nationalpark Thy kom id\u00e9en til dem: Hvorfor ikke skabe et koncept, hvor danskere og turister kunne opleve landets naturperler gennem professionelt guidede dagsture? Dette ville g\u00f8re naturoplevelser tilg\u00e6ngelige for alle &#8211; ogs\u00e5 dem uden omfattende udstyr eller erfaring med l\u00e6ngere vandreture.<\/p>\n\n\n\n<div style=\"margin-top:0;margin-bottom:0;height:var(--wp--preset--spacing--40)\" aria-hidden=\"true\" class=\"wp-block-spacer\"><\/div>\n\n\n\n<div class=\"wp-block-columns alignwide is-layout-flex wp-container-core-columns-is-layout-d0bbbce0 wp-block-columns-is-layout-flex\">\n<div class=\"wp-block-column is-layout-flow wp-container-core-column-is-layout-e3d1c41b wp-block-column-is-layout-flow\">\n<h3 class=\"wp-block-heading has-text-align-left is-style-asterisk has-body-font-family has-medium-font-size\" style=\"font-style:normal;font-weight:600\"><strong>Aksel Dahl<\/strong><br><em>Stifter, Natur- og kulturformidler<\/em><\/h3>\n\n\n\n<figure class=\"wp-block-image size-full\"><img loading=\"lazy\" decoding=\"async\" width=\"512\" height=\"512\" src=\"https:\/\/dagsturnatur.webfix.dk\/wp-content\/uploads\/2024\/12\/aksel-dahl-ai.jpg\" alt=\"\" class=\"wp-image-167\" srcset=\"https:\/\/dagsturnatur.webfix.dk\/wp-content\/uploads\/2024\/12\/aksel-dahl-ai.jpg 512w, https:\/\/dagsturnatur.webfix.dk\/wp-content\/uploads\/2024\/12\/aksel-dahl-ai-300x300.jpg 300w, https:\/\/dagsturnatur.webfix.dk\/wp-content\/uploads\/2024\/12\/aksel-dahl-ai-150x150.jpg 150w\" sizes=\"auto, (max-width: 512px) 100vw, 512px\" \/><\/figure>\n\n\n\n<p class=\"has-text-align-left\"><strong>Aksel <\/strong>har altid haft en s\u00e6rlig evne til at g\u00f8re kompleks viden om natur og kultur levende og relevant. Hans baggrund som underviser giver ham en unik evne til at formidle p\u00e5 en engagerende m\u00e5de til alle aldersgrupper.<\/p>\n<\/div>\n\n\n\n<div class=\"wp-block-column is-layout-flow wp-container-core-column-is-layout-e3d1c41b wp-block-column-is-layout-flow\">\n<h3 class=\"wp-block-heading has-text-align-left is-style-asterisk has-body-font-family has-medium-font-size\" style=\"font-style:normal;font-weight:600\"><strong>Olivia Dahl<\/strong><br><em>Stifter, Biolog &amp; naturguide<\/em><\/h3>\n\n\n\n<figure class=\"wp-block-image size-full\"><img loading=\"lazy\" decoding=\"async\" width=\"512\" height=\"512\" src=\"https:\/\/dagsturnatur.webfix.dk\/wp-content\/uploads\/2024\/12\/oliva-dahl-ai.jpg\" alt=\"\" class=\"wp-image-166\" srcset=\"https:\/\/dagsturnatur.webfix.dk\/wp-content\/uploads\/2024\/12\/oliva-dahl-ai.jpg 512w, https:\/\/dagsturnatur.webfix.dk\/wp-content\/uploads\/2024\/12\/oliva-dahl-ai-300x300.jpg 300w, https:\/\/dagsturnatur.webfix.dk\/wp-content\/uploads\/2024\/12\/oliva-dahl-ai-150x150.jpg 150w\" sizes=\"auto, (max-width: 512px) 100vw, 512px\" \/><\/figure>\n\n\n\n<p class=\"has-text-align-left\"><strong>Olivias <\/strong>ekspertise ligger i Danmarks rige biodiversitet. Med en ph.d. i \u00f8kologi og flere publicerede forskningsartikler om danske naturtyper bringer hun videnskabelig dybde til hver eneste tur.<\/p>\n<\/div>\n\n\n\n<div class=\"wp-block-column is-layout-flow wp-container-core-column-is-layout-e3d1c41b wp-block-column-is-layout-flow\">\n<h3 class=\"wp-block-heading has-text-align-left is-style-asterisk has-body-font-family has-medium-font-size\" style=\"font-style:normal;font-weight:600\"><strong>Vores mission<\/strong><br><em>Hos DagsturNatur br\u00e6nder vi for at<\/em>:<\/h3>\n\n\n\n<p><strong>Inspirere<\/strong>&nbsp;danskere til at genopdage deres lands naturrigdomme<\/p>\n\n\n\n<p><strong>Formidle<\/strong>&nbsp;viden om \u00f8kosystemer, biodiversitet og lokalhistorie<\/p>\n\n\n\n<p><strong>Skabe<\/strong>&nbsp;f\u00e6llesskab gennem f\u00e6lles naturoplevelser<\/p>\n\n\n\n<p><strong>Fremme<\/strong>&nbsp;b\u00e6redygtig turisme med minimal milj\u00f8p\u00e5virkning<\/p>\n\n\n\n<p class=\"has-text-align-left\"><strong>St\u00f8tte<\/strong>&nbsp;naturbevarelse i de omr\u00e5der, vi bes\u00f8ger<\/p>\n<\/div>\n<\/div>\n\n\n\n<div style=\"height:var(--wp--preset--spacing--20)\" aria-hidden=\"true\" class=\"wp-block-spacer\"><\/div>\n\n\n\n<h4 class=\"wp-block-heading\"><strong>B\u00e6redygtighed i centrum<\/strong><\/h4>\n\n\n\n<p>Som virksomhed tager vi vores ansvar for milj\u00f8et alvorligt. Vi arbejder konstant p\u00e5 at minimere vores milj\u00f8aftryk ved at:<\/p>\n\n\n\n<ul class=\"wp-block-list\">\n<li>Begr\u00e6nse gruppest\u00f8rrelser for at minimere p\u00e5virkning af s\u00e5rbare naturomr\u00e5der<\/li>\n\n\n\n<li>Samarbejde med lokale f\u00f8devareproducenter til vores madpakker<\/li>\n\n\n\n<li>St\u00f8tte lokale naturbevaringsprojekter med en procentdel af vores indt\u00e6gter<\/li>\n\n\n\n<li>Tilskynde til samk\u00f8rsel og brug af offentlig transport til m\u00f8desteder<\/li>\n\n\n\n<li>Uddanne deltagere i &#8220;leave no trace&#8221;-principper for ansvarlig f\u00e6rdsel i naturen<\/li>\n<\/ul>\n\n\n\n<h4 class=\"wp-block-heading\"><strong>Vores vision for fremtiden<\/strong><\/h4>\n\n\n\n<div class=\"wp-block-columns alignwide is-layout-flex wp-container-core-columns-is-layout-d0bbbce0 wp-block-columns-is-layout-flex\">\n<div class=\"wp-block-column is-layout-flow wp-container-core-column-is-layout-e3d1c41b wp-block-column-is-layout-flow\">\n<p class=\"has-text-align-left has-medium-font-size\">Vi dr\u00f8mmer om en fremtid, hvor flere danskere genforenes med naturen omkring dem, og hvor \u00f8koturisme bliver en drivkraft for naturbevaring. Vi arbejder mod at udvide vores koncept til hele Danmark, samtidig med at vi bevarer vores kernev\u00e6rdier om kvalitet, b\u00e6redygtighed og autenticitet.<\/p>\n\n\n\n<p>Vi inviterer dig til at blive en del af DagsturNatur-f\u00e6llesskabet. Uanset om du er en erfaren vandrer eller tager dine f\u00f8rste skridt i naturen, har vi en tur der passer til dig. Lad os sammen udforske de skjulte perler i det danske landskab!  Kom med os p\u00e5 eventyr!<\/p>\n\n\n\n<div style=\"height:27px\" aria-hidden=\"true\" class=\"wp-block-spacer\"><\/div>\n\n\n\n<p class=\"has-text-align-center\"><a href=\"https:\/\/dagsturnatur.webfix.dk\/index.php\/vores-udflugter\/\" data-type=\"page\" data-id=\"9\" target=\"_blank\" rel=\"noreferrer noopener\">Book en tur i dag<\/a>&nbsp;|&nbsp;<a href=\"file:\/\/\/C:\/Users\/cawi\/AppData\/Local\/Programs\/rabbitholes-app\/resources\/app.asar\/out\/renderer\/index.html\" target=\"_blank\" rel=\"noreferrer noopener\">Kontakt os<\/a>&nbsp;|&nbsp;<a href=\"https:\/\/dagsturnatur.webfix.dk\/index.php\/vores-team\/\" data-type=\"page\" data-id=\"110\" target=\"_blank\" rel=\"noreferrer noopener\">M\u00f8d alle vores guider<\/a><\/p>\n<\/div>\n<\/div>\n<\/div>\n","protected":false},"excerpt":{"rendered":"<p>Vores historie og passion for Danmarks natur M\u00f8d grundl\u00e6ggerne bag DagsturNatur DagsturNatur blev f\u00f8dt ud af en dyb k\u00e6rlighed til den danske natur og et \u00f8nske om at dele dens sk\u00f8nhed med andre. Historien begyndte i 2018, da \u00e6gteparret Aksel og Olivia Dahl besluttede at kombinere deres livslange passion og faglige ekspertise. Efter 15 \u00e5r [&hellip;]<\/p>\n","protected":false},"author":1,"featured_media":0,"parent":0,"menu_order":0,"comment_status":"closed","ping_status":"closed","template":"page-no-title","meta":{"footnotes":""},"class_list":["post-367","page","type-page","status-publish","hentry"],"_links":{"self":[{"href":"https:\/\/dagsturnatur.webfix.dk\/index.php\/wp-json\/wp\/v2\/pages\/367","targetHints":{"allow":["GET"]}}],"collection":[{"href":"https:\/\/dagsturnatur.webfix.dk\/index.php\/wp-json\/wp\/v2\/pages"}],"about":[{"href":"https:\/\/dagsturnatur.webfix.dk\/index.php\/wp-json\/wp\/v2\/types\/page"}],"author":[{"embeddable":true,"href":"https:\/\/dagsturnatur.webfix.dk\/index.php\/wp-json\/wp\/v2\/users\/1"}],"replies":[{"embeddable":true,"href":"https:\/\/dagsturnatur.webfix.dk\/index.php\/wp-json\/wp\/v2\/comments?post=367"}],"version-history":[{"count":7,"href":"https:\/\/dagsturnatur.webfix.dk\/index.php\/wp-json\/wp\/v2\/pages\/367\/revisions"}],"predecessor-version":[{"id":441,"href":"https:\/\/dagsturnatur.webfix.dk\/index.php\/wp-json\/wp\/v2\/pages\/367\/revisions\/441"}],"wp:attachment":[{"href":"https:\/\/dagsturnatur.webfix.dk\/index.php\/wp-json\/wp\/v2\/media?parent=367"}],"curies":[{"name":"wp","href":"https:\/\/api.w.org\/{rel}","templated":true}]}}