{"id":375,"date":"2025-05-15T12:16:41","date_gmt":"2025-05-15T10:16:41","guid":{"rendered":"https:\/\/dagsturnatur.webfix.dk\/?page_id=375"},"modified":"2025-05-19T10:53:26","modified_gmt":"2025-05-19T08:53:26","slug":"kontakt-os-nu","status":"publish","type":"page","link":"https:\/\/dagsturnatur.webfix.dk\/index.php\/kontakt-os-nu\/","title":{"rendered":"Kontakt os"},"content":{"rendered":"\n<div class=\"wp-block-cover is-repeated\" style=\"border-radius:20px;box-shadow:var(--wp--preset--shadow--natural)\"><div class=\"wp-block-cover__image-background wp-image-383 size-full is-repeated\" style=\"background-position:45% 12%;background-image:url(https:\/\/dagsturnatur.webfix.dk\/wp-content\/uploads\/2025\/05\/naturguide.jpg)\"><\/div><span aria-hidden=\"true\" class=\"wp-block-cover__background has-background-dim-60 has-background-dim\" style=\"background-color:#797058\"><\/span><div class=\"wp-block-cover__inner-container has-global-padding is-layout-constrained wp-block-cover-is-layout-constrained\">\n<p class=\"has-text-align-center has-large-font-size\">Kontakt DagsturNatur<\/p>\n\n\n\n<p class=\"has-text-align-center\">Vi er klar til at hj\u00e6lpe dig med at planl\u00e6gge dit n\u00e6ste natureventyr<\/p>\n<\/div><\/div>\n\n\n\n<div class=\"wp-block-columns is-layout-flex wp-container-core-columns-is-layout-28f84493 wp-block-columns-is-layout-flex\">\n<div class=\"wp-block-column is-layout-flow wp-block-column-is-layout-flow\">\n<h4 class=\"wp-block-heading\">Kontaktinformation:<\/h4>\n\n\n\n<p><strong>Telefon:<\/strong> +45 08 34 56 78<br><strong>Email:<\/strong> info@dagsturnatur.dk<br><strong>Telefontid:<\/strong> Man-fre kl. 9:00-16:00<\/p>\n<\/div>\n\n\n\n<div class=\"wp-block-column is-layout-flow wp-block-column-is-layout-flow\">\n<h4 class=\"wp-block-heading\">Brug for akut hj\u00e6lp p\u00e5 tur?<\/h4>\n\n\n\n<p>Hvis du har brug for akut assistance under en af vores ture, ring venligst direkte til din guide eller vores n\u00f8dnummer:&nbsp;<strong>+45 07 76 54 32<\/strong><\/p>\n<\/div>\n<\/div>\n\n\n\n<div class=\"wp-block-group has-accent-2-background-color has-background has-global-padding is-layout-constrained wp-container-core-group-is-layout-2e2d544f wp-block-group-is-layout-constrained\" style=\"border-radius:20px;margin-top:var(--wp--preset--spacing--10);margin-bottom:var(--wp--preset--spacing--10);padding-top:var(--wp--preset--spacing--20);padding-right:var(--wp--preset--spacing--30);padding-bottom:var(--wp--preset--spacing--20);padding-left:var(--wp--preset--spacing--30);box-shadow:var(--wp--preset--shadow--natural)\">\n<p><strong>Ofte stillede sp\u00f8rgsm\u00e5l<\/strong><\/p>\n\n\n\n<p><strong>Hvorn\u00e5r f\u00e5r jeg svar p\u00e5 min henvendelse?<\/strong><\/p>\n\n\n\n<p>Vi bestr\u00e6ber os p\u00e5 at besvare alle henvendelser inden for 24 timer p\u00e5 hverdage.<\/p>\n\n\n\n<p><strong>Kan jeg booke ture over telefonen?<\/strong><\/p>\n\n\n\n<p>Ja, du er velkommen til at ringe i vores telefontid for at booke en tur eller f\u00e5 hj\u00e6lp til online-booking.<\/p>\n\n\n\n<p><strong>Kan jeg f\u00e5 skr\u00e6ddersyet en privat tur?<\/strong><\/p>\n\n\n\n<p>Absolut! Vi tilbyder specialdesignede private ture. Kontakt os for at h\u00f8re mere om mulighederne.<\/p>\n\n\n\n<p><strong>Hvordan afmelder jeg en tur?<\/strong><\/p>\n\n\n\n<p>Afmelding skal ske senest 48 timer f\u00f8r turens star t. Kontakt os hurtigst muligt, hvis du er n\u00f8dt til at afmelde.<\/p>\n<\/div>\n\n\n\n<div class=\"wp-block-cover is-light has-base-2-color has-text-color has-link-color wp-elements-d401756e67e9b55ed25b950827c5e098\" style=\"border-radius:18px;box-shadow:var(--wp--preset--shadow--natural)\"><img loading=\"lazy\" decoding=\"async\" width=\"1024\" height=\"576\" class=\"wp-block-cover__image-background wp-image-384 size-full\" alt=\"\" src=\"https:\/\/dagsturnatur.webfix.dk\/wp-content\/uploads\/2025\/05\/vandre-i-solnedgang2.jpg\" data-object-fit=\"cover\" srcset=\"https:\/\/dagsturnatur.webfix.dk\/wp-content\/uploads\/2025\/05\/vandre-i-solnedgang2.jpg 1024w, https:\/\/dagsturnatur.webfix.dk\/wp-content\/uploads\/2025\/05\/vandre-i-solnedgang2-300x169.jpg 300w, https:\/\/dagsturnatur.webfix.dk\/wp-content\/uploads\/2025\/05\/vandre-i-solnedgang2-768x432.jpg 768w\" sizes=\"auto, (max-width: 1024px) 100vw, 1024px\" \/><span aria-hidden=\"true\" class=\"wp-block-cover__background has-background-dim-60 has-background-dim\" style=\"background-color:#aa7f60\"><\/span><div class=\"wp-block-cover__inner-container has-global-padding is-layout-constrained wp-block-cover-is-layout-constrained\">\n<p class=\"has-text-align-center has-large-font-size\">F\u00e5 besked om nye ture og tilbud<\/p>\n\n\n\n<p class=\"has-text-align-center\">Tilmeld dig vores nyhedsbrev, og v\u00e6r den f\u00f8rste til at h\u00f8re om<br>kommende vandreture og arrangementer<\/p>\n\n\n\n<div class=\"wp-block-buttons is-content-justification-center is-layout-flex wp-container-core-buttons-is-layout-a89b3969 wp-block-buttons-is-layout-flex\">\n<div class=\"wp-block-button\"><a class=\"wp-block-button__link has-text-align-left wp-element-button\">Tilmeld dig her&#8230;<\/a><\/div>\n<\/div>\n<\/div><\/div>\n\n\n\n<h4 class=\"wp-block-heading\">Find os:<\/h4>\n\n\n\n<p>DagsturNatur har base i Silkeborg, men vores ture foreg\u00e5r i hele Danmark.<\/p>\n\n\n\n<p><iframe src=\"https:\/\/www.google.com\/maps\/embed?pb=!1m18!1m12!1m3!1d70856.58398665127!2d9.47861395!3d56.17440305!2m3!1f0!2f0!3f0!3m2!1i1024!2i768!4f13.1!3m3!1m2!1s0x464c1656d1fcd8f9%3A0xc3b32cb05aeaf344!2s8600%20Silkeborg!5e0!3m2!1sda!2sdk!4v1651234567890!5m2!1sda!2sdk\" width=\"100%\" height=\"450\" style=\"border:0;\" allowfullscreen=\"\" loading=\"lazy\"><\/iframe><p>\n\n","protected":false},"excerpt":{"rendered":"<p>Kontaktinformation: Telefon: +45 08 34 56 78Email: info@dagsturnatur.dkTelefontid: Man-fre kl. 9:00-16:00 Brug for akut hj\u00e6lp p\u00e5 tur? Hvis du har brug for akut assistance under en af vores ture, ring venligst direkte til din guide eller vores n\u00f8dnummer:&nbsp;+45 07 76 54 32 Ofte stillede sp\u00f8rgsm\u00e5l Hvorn\u00e5r f\u00e5r jeg svar p\u00e5 min henvendelse? Vi bestr\u00e6ber os [&hellip;]<\/p>\n","protected":false},"author":1,"featured_media":0,"parent":0,"menu_order":0,"comment_status":"closed","ping_status":"closed","template":"page-no-title","meta":{"footnotes":""},"class_list":["post-375","page","type-page","status-publish","hentry"],"_links":{"self":[{"href":"https:\/\/dagsturnatur.webfix.dk\/index.php\/wp-json\/wp\/v2\/pages\/375","targetHints":{"allow":["GET"]}}],"collection":[{"href":"https:\/\/dagsturnatur.webfix.dk\/index.php\/wp-json\/wp\/v2\/pages"}],"about":[{"href":"https:\/\/dagsturnatur.webfix.dk\/index.php\/wp-json\/wp\/v2\/types\/page"}],"author":[{"embeddable":true,"href":"https:\/\/dagsturnatur.webfix.dk\/index.php\/wp-json\/wp\/v2\/users\/1"}],"replies":[{"embeddable":true,"href":"https:\/\/dagsturnatur.webfix.dk\/index.php\/wp-json\/wp\/v2\/comments?post=375"}],"version-history":[{"count":26,"href":"https:\/\/dagsturnatur.webfix.dk\/index.php\/wp-json\/wp\/v2\/pages\/375\/revisions"}],"predecessor-version":[{"id":446,"href":"https:\/\/dagsturnatur.webfix.dk\/index.php\/wp-json\/wp\/v2\/pages\/375\/revisions\/446"}],"wp:attachment":[{"href":"https:\/\/dagsturnatur.webfix.dk\/index.php\/wp-json\/wp\/v2\/media?parent=375"}],"curies":[{"name":"wp","href":"https:\/\/api.w.org\/{rel}","templated":true}]}}